{"id":236,"date":"2015-05-26T10:02:04","date_gmt":"2015-05-26T10:02:04","guid":{"rendered":"http:\/\/quanticalabs.com\/wptest\/carservice\/?page_id=236"},"modified":"2015-05-26T10:02:04","modified_gmt":"2015-05-26T10:02:04","slug":"blog","status":"publish","type":"page","link":"http:\/\/www.denizaktekstil.com\/?page_id=236","title":{"rendered":"Blog Template"},"content":{"rendered":"<p>[vc_row el_class=&#8221;margin-top-70&#8243;][vc_column width=&#8221;3\/4&#8243;]<div class=\"vc_row wpb_row vc_row-fluid\"><ul class=\"blog clearfix\"><li class=\" post post-1928 type-post status-publish format-standard hentry category-genel\"><div class=\"post-content-details-container clearfix\"><ul class=\"post-content-details margin-right-20\"><li>6 Ocak 2020<\/li><li>By <a href=\"http:\/\/www.denizaktekstil.com\/?author=1\" title=\"denizakt\">denizakt<\/a><\/li><li>In <a class=\"category-1\" href=\"http:\/\/www.denizaktekstil.com\/?cat=1\" title=\"View all posts filed under Genel\">Genel<\/a><\/li><\/ul><ul class=\"post-content-details right\"><li class=\"template-eye\">627<\/li><li class=\"template-bubble\"><a href=\"http:\/\/www.denizaktekstil.com\/?p=1928#respond\" title=\"0 comments\">0<\/a><\/li><\/ul><\/div><h3 class=\"box-header\"><a href=\"http:\/\/www.denizaktekstil.com\/?p=1928\" title=\"yyyyy\">yyyyy<\/a><\/h3><div class=\"vc_row wpb_row vc_row-fluid padding-top-54 padding-bottom-20\"><a title=\"READ MORE\" href=\"http:\/\/www.denizaktekstil.com\/?p=1928\" class=\"more\"><span>READ MORE<\/span><\/a><\/div><\/li><li class=\" post post-1751 type-post status-publish format-standard hentry category-genel tag-jsm tag-jsm-yedek-parca tag-likra tag-rota-acici tag-ruyi tag-ruyi-spandex tag-siyah-likra tag-tekstil tag-tekstil-malzemeleri tag-tekstil-yedek-parca\"><div class=\"post-content-details-container clearfix\"><ul class=\"post-content-details margin-right-20\"><li>10 Aral\u0131k 2019<\/li><li>By <a href=\"http:\/\/www.denizaktekstil.com\/?author=1\" title=\"denizakt\">denizakt<\/a><\/li><li>In <a class=\"category-1\" href=\"http:\/\/www.denizaktekstil.com\/?cat=1\" title=\"View all posts filed under Genel\">Genel<\/a><\/li><\/ul><ul class=\"post-content-details right\"><li class=\"template-eye\">606<\/li><li class=\"template-bubble\"><a href=\"http:\/\/www.denizaktekstil.com\/?p=1751#respond\" title=\"0 comments\">0<\/a><\/li><\/ul><\/div><h3 class=\"box-header\"><a href=\"http:\/\/www.denizaktekstil.com\/?p=1751\" title=\"rota a\u00e7\u0131c\u0131\">rota a\u00e7\u0131c\u0131<\/a><\/h3><div class=\"vc_row wpb_row vc_row-fluid padding-top-54 padding-bottom-20\"><a title=\"READ MORE\" href=\"http:\/\/www.denizaktekstil.com\/?p=1751\" class=\"more\"><span>READ MORE<\/span><\/a><\/div><\/li><li class=\" post post-1 type-post status-publish format-standard hentry category-genel\"><div class=\"post-content-details-container clearfix\"><ul class=\"post-content-details margin-right-20\"><li>14 Kas\u0131m 2019<\/li><li>By <a href=\"http:\/\/www.denizaktekstil.com\/?author=1\" title=\"denizakt\">denizakt<\/a><\/li><li>In <a class=\"category-1\" href=\"http:\/\/www.denizaktekstil.com\/?cat=1\" title=\"View all posts filed under Genel\">Genel<\/a><\/li><\/ul><ul class=\"post-content-details right\"><li class=\"template-eye\">618<\/li><li class=\"template-bubble\"><a href=\"http:\/\/www.denizaktekstil.com\/?p=1#respond\" title=\"0 comments\">0<\/a><\/li><\/ul><\/div><h3 class=\"box-header\"><a href=\"http:\/\/www.denizaktekstil.com\/?p=1\" title=\"Merhaba d\u00fcnya!\">Merhaba d\u00fcnya!<\/a><\/h3><p>WordPress&#8217;e ho\u015f geldiniz. Bu sizin ilk yaz\u0131n\u0131z. Bu yaz\u0131y\u0131 d\u00fczenleyin ya da silin. Sonra yazmaya ba\u015flay\u0131n!<\/p>\n<div class=\"vc_row wpb_row vc_row-fluid padding-top-54 padding-bottom-20\"><a title=\"READ MORE\" href=\"http:\/\/www.denizaktekstil.com\/?p=1\" class=\"more\"><span>READ MORE<\/span><\/a><\/div><\/li><\/ul><\/div><ul class='pagination clearfix page-margin-top'><li class='selected'><span>1<\/span><\/li><li><a href='http:\/\/www.denizaktekstil.com\/index.php?rest_route=%2Fwp%2Fv2%2Fpages%2F236&#038;paged=2'>2<\/a><\/li><li><a href='http:\/\/www.denizaktekstil.com\/index.php?rest_route=%2Fwp%2Fv2%2Fpages%2F236&#038;paged=3'>3<\/a><\/li><li><a href='http:\/\/www.denizaktekstil.com\/index.php?rest_route=%2Fwp%2Fv2%2Fpages%2F236&#038;paged=4'>4<\/a><\/li><\/ul>[\/vc_column][vc_column type=&#8221;cs-smart-column&#8221; width=&#8221;1\/4&#8243;]<div class=\"call-to-action\"><div class=\"hexagon small\"><div class=\"sl-small-percent\"><\/div><\/div><h4>ONLINE APPOINTMENT<\/h4><p class=\"description\">Book your appointment now and get $5 discount.<\/p><a class=\"more\" href=\"#\" title=\"MAKE APPOINTMENT\"><span>MAKE APPOINTMENT<\/span><\/a><\/div><h6 class=\" box-header page-margin-top\">LATEST POSTS<\/h6><div class=\"vc_row wpb_row vc_row-fluid\"><ul class=\"blog clearfix small margin-top-30\"><li class=\"small post post-1928 type-post status-publish format-standard hentry category-genel\"><div class=\"post-content\"><a href=\"http:\/\/www.denizaktekstil.com\/?p=1928\" title=\"yyyyy\">yyyyy<\/a><ul class=\"post-content-details\"><li>6 Ocak 2020<\/li><\/ul><\/div><\/li><li class=\"small post post-1751 type-post status-publish format-standard hentry category-genel tag-jsm tag-jsm-yedek-parca tag-likra tag-rota-acici tag-ruyi tag-ruyi-spandex tag-siyah-likra tag-tekstil tag-tekstil-malzemeleri tag-tekstil-yedek-parca\"><div class=\"post-content\"><a href=\"http:\/\/www.denizaktekstil.com\/?p=1751\" title=\"rota a\u00e7\u0131c\u0131\">rota a\u00e7\u0131c\u0131<\/a><ul class=\"post-content-details\"><li>10 Aral\u0131k 2019<\/li><\/ul><\/div><\/li><li class=\"small post post-1 type-post status-publish format-standard hentry category-genel\"><div class=\"post-content\"><a href=\"http:\/\/www.denizaktekstil.com\/?p=1\" title=\"Merhaba d\u00fcnya!\">Merhaba d\u00fcnya!<\/a><ul class=\"post-content-details\"><li>14 Kas\u0131m 2019<\/li><\/ul><\/div><\/li><\/ul><\/div><h6 class=\" box-header page-margin-top\">MOST VIEWED<\/h6><div class=\"vc_row wpb_row vc_row-fluid\"><ul class=\"blog clearfix small margin-top-30\"><li class=\"small post post-264 type-post status-publish format-standard hentry category-brakes category-heating\"><div class=\"post-content\"><a href=\"http:\/\/www.denizaktekstil.com\/?p=264\" title=\"Replacing a Timing Belt Service Cost\">Replacing a Timing Belt Service Cost<\/a><ul class=\"post-content-details float\"><li>750 views<\/li><\/ul><\/div><\/li><li class=\"small post post-262 type-post status-publish format-standard has-post-thumbnail hentry category-engine category-oils\"><a class=\"post-image\" href=\"http:\/\/www.denizaktekstil.com\/?p=262\" title=\"Clunking Sound Under The Hood\"><img loading=\"lazy\" decoding=\"async\" width=\"90\" height=\"90\" src=\"http:\/\/www.denizaktekstil.com\/wp-content\/uploads\/2015\/05\/image_09-1-90x90.jpg\" class=\"attachment-tiny-thumb size-tiny-thumb wp-post-image\" alt=\"Clunking Sound Under The Hood\" title=\"\" srcset=\"http:\/\/www.denizaktekstil.com\/wp-content\/uploads\/2015\/05\/image_09-1-90x90.jpg 90w, http:\/\/www.denizaktekstil.com\/wp-content\/uploads\/2015\/05\/image_09-1-150x150.jpg 150w\" sizes=\"auto, (max-width: 90px) 100vw, 90px\" \/><\/a><div class=\"post-content\"><a href=\"http:\/\/www.denizaktekstil.com\/?p=262\" title=\"Clunking Sound Under The Hood\">Clunking Sound Under The Hood<\/a><ul class=\"post-content-details float\"><li>749 views<\/li><\/ul><\/div><\/li><li class=\"small post post-635 type-post status-publish format-standard has-post-thumbnail hentry category-diagnostics category-filters\"><a class=\"post-image\" href=\"http:\/\/www.denizaktekstil.com\/?p=635\" title=\"10 Things You Didn\u2019t Know About Tires\"><img loading=\"lazy\" decoding=\"async\" width=\"90\" height=\"90\" src=\"http:\/\/www.denizaktekstil.com\/wp-content\/uploads\/2015\/05\/image_07-1-90x90.jpg\" class=\"attachment-tiny-thumb size-tiny-thumb wp-post-image\" alt=\"10 Things You Didn\u2019t Know About Tires\" title=\"\" srcset=\"http:\/\/www.denizaktekstil.com\/wp-content\/uploads\/2015\/05\/image_07-1-90x90.jpg 90w, http:\/\/www.denizaktekstil.com\/wp-content\/uploads\/2015\/05\/image_07-1-150x150.jpg 150w\" sizes=\"auto, (max-width: 90px) 100vw, 90px\" \/><\/a><div class=\"post-content\"><a href=\"http:\/\/www.denizaktekstil.com\/?p=635\" title=\"10 Things You Didn\u2019t Know About Tires\">10 Things You Didn\u2019t Know About Tires<\/a><ul class=\"post-content-details float\"><li>734 views<\/li><\/ul><\/div><\/li><\/ul><\/div><h6 class=\" box-header page-margin-top\">TEXT WIDGET<\/h6>[vc_wp_text el_class=&#8221;margin-top-24&#8243;]Here is a text widget settings ipsum lore tora dolor sit amet velum. Maecenas est velum, gravida <a href=\"#\">vehicula dolor<\/a>[\/vc_wp_text][vc_wp_categories title=&#8221;CATEGORIES&#8221; el_class=&#8221;page-margin-top clearfix&#8221;][vc_wp_archives title=&#8221;ARCHIVES&#8221; options=&#8221;count&#8221; el_class=&#8221;page-margin-top full-width clearfix&#8221;][vc_wp_tagcloud title=&#8221;TAGS&#8221; taxonomy=&#8221;post_tag&#8221; el_class=&#8221;page-margin-top clearfix&#8221;][\/vc_column][\/vc_row]<\/p>\n","protected":false},"excerpt":{"rendered":"<p>[vc_row el_class=&#8221;margin-top-70&#8243;][vc_column width=&#8221;3\/4&#8243;][\/vc_column][vc_column type=&#8221;cs-smart-column&#8221; width=&#8221;1\/4&#8243;][vc_wp_text el_class=&#8221;margin-top-24&#8243;]Here is a text widget settings ipsum lore tora dolor sit amet velum. Maecenas est velum, gravida vehicula dolor[\/vc_wp_text][vc_wp_categories title=&#8221;CATEGORIES&#8221; el_class=&#8221;page-margin-top clearfix&#8221;][vc_wp_archives title=&#8221;ARCHIVES&#8221; options=&#8221;count&#8221; el_class=&#8221;page-margin-top full-width clearfix&#8221;][vc_wp_tagcloud title=&#8221;TAGS&#8221; taxonomy=&#8221;post_tag&#8221; el_class=&#8221;page-margin-top clearfix&#8221;][\/vc_column][\/vc_row]<\/p>\n","protected":false},"author":1,"featured_media":0,"parent":0,"menu_order":0,"comment_status":"open","ping_status":"open","template":"template-blog.php","meta":{"footnotes":""},"class_list":["post-236","page","type-page","status-publish","hentry"],"_links":{"self":[{"href":"http:\/\/www.denizaktekstil.com\/index.php?rest_route=\/wp\/v2\/pages\/236","targetHints":{"allow":["GET"]}}],"collection":[{"href":"http:\/\/www.denizaktekstil.com\/index.php?rest_route=\/wp\/v2\/pages"}],"about":[{"href":"http:\/\/www.denizaktekstil.com\/index.php?rest_route=\/wp\/v2\/types\/page"}],"author":[{"embeddable":true,"href":"http:\/\/www.denizaktekstil.com\/index.php?rest_route=\/wp\/v2\/users\/1"}],"replies":[{"embeddable":true,"href":"http:\/\/www.denizaktekstil.com\/index.php?rest_route=%2Fwp%2Fv2%2Fcomments&post=236"}],"version-history":[{"count":0,"href":"http:\/\/www.denizaktekstil.com\/index.php?rest_route=\/wp\/v2\/pages\/236\/revisions"}],"wp:attachment":[{"href":"http:\/\/www.denizaktekstil.com\/index.php?rest_route=%2Fwp%2Fv2%2Fmedia&parent=236"}],"curies":[{"name":"wp","href":"https:\/\/api.w.org\/{rel}","templated":true}]}}