{"id":1125,"date":"2015-05-08T13:22:48","date_gmt":"2015-05-08T13:22:48","guid":{"rendered":"http:\/\/quanticalabs.com\/wptest\/carservice\/?page_id=4"},"modified":"2020-01-06T13:42:30","modified_gmt":"2020-01-06T10:42:30","slug":"home","status":"publish","type":"page","link":"https:\/\/www.denizaktekstil.com\/","title":{"rendered":"HOME"},"content":{"rendered":"<p>[vc_row type=&#8221;full-width&#8221;][vc_column][rev_slider_vc alias=&#8221;main&#8221;][\/vc_column][\/vc_row][vc_row top_margin=&#8221;page-margin-top-section&#8221;][vc_column]<h2 class=\" box-header\">NEDEN B\u0130Z?<\/h2>[vc_column_text el_class=&#8221;description align-center&#8221;]D\u00fcnyan\u0131n en g\u00fcvenilir iplik makina yedek par\u00e7a ve iplik hammaddelerini sunarak; \u00fclkemiz ve d\u00fcnya tekstil piyasalar\u0131nda rekabet g\u00fcc\u00fcn\u00fcz\u00fc artt\u0131racak kalite ve maliyet unsurlar\u0131n\u0131 \u00f6n planda tutacak \u00e7\u00f6z\u00fcm \u00f6nerileri sunuyoruz[\/vc_column_text][vc_row_inner top_margin=&#8221;page-margin-top&#8221;][vc_column_inner width=&#8221;1\/3&#8243;]<div class=\"feature-item feature-item-big\"><h4 class=\"box-header\">KAL\u0130TEL\u0130 VE G\u00dcVEN\u0130L\u0130R H\u0130ZMET<\/h4><p><img loading=\"lazy\" decoding=\"async\" class=\"alignnone size-medium wp-image-1885\" src=\"http:\/\/www.denizaktekstil.com\/wp-content\/uploads\/2020\/01\/kisspng-icon-design-marketing-strategy-bloom-media-5d4c0894f2c4f6.7204407215652640209944-300x300.png\" alt=\"\" width=\"300\" height=\"300\" srcset=\"https:\/\/www.denizaktekstil.com\/wp-content\/uploads\/2020\/01\/kisspng-icon-design-marketing-strategy-bloom-media-5d4c0894f2c4f6.7204407215652640209944-300x300.png 300w, https:\/\/www.denizaktekstil.com\/wp-content\/uploads\/2020\/01\/kisspng-icon-design-marketing-strategy-bloom-media-5d4c0894f2c4f6.7204407215652640209944-150x150.png 150w, https:\/\/www.denizaktekstil.com\/wp-content\/uploads\/2020\/01\/kisspng-icon-design-marketing-strategy-bloom-media-5d4c0894f2c4f6.7204407215652640209944-90x90.png 90w, https:\/\/www.denizaktekstil.com\/wp-content\/uploads\/2020\/01\/kisspng-icon-design-marketing-strategy-bloom-media-5d4c0894f2c4f6.7204407215652640209944.png 500w\" sizes=\"auto, (max-width: 300px) 100vw, 300px\" \/>Firmam\u0131z tekstil sekt\u00f6r\u00fcnde d\u00fcr\u00fcstl\u00fck ve sorumluluk ilkelerini temel olarak kabul etmi\u015ftir.<br \/>\nFirmam\u0131zda g\u00f6rev alan sekt\u00f6rel deneyimli, alan\u0131nda e\u011fitimli profesyonel ve teknik elemanlar sayesinde kaliteli ve s\u00fcrerli \u00fcretim y\u0131llardan beri devam etmektedir.<\/p>\n<p>&nbsp;<\/p><\/div>[\/vc_column_inner][vc_column_inner width=&#8221;1\/3&#8243;]<div class=\"feature-item feature-item-big\"><h4 class=\"box-header\">\u0130PL\u0130K MAK\u0130NA VE YEDEK PAR\u00c7A<\/h4><p><img loading=\"lazy\" decoding=\"async\" class=\"alignnone size-medium wp-image-1891\" src=\"http:\/\/www.denizaktekstil.com\/wp-content\/uploads\/2020\/01\/45651515-300x300.jpg\" alt=\"\" width=\"300\" height=\"300\" srcset=\"https:\/\/www.denizaktekstil.com\/wp-content\/uploads\/2020\/01\/45651515-300x300.jpg 300w, https:\/\/www.denizaktekstil.com\/wp-content\/uploads\/2020\/01\/45651515-150x150.jpg 150w, https:\/\/www.denizaktekstil.com\/wp-content\/uploads\/2020\/01\/45651515-90x90.jpg 90w, https:\/\/www.denizaktekstil.com\/wp-content\/uploads\/2020\/01\/45651515.jpg 500w\" sizes=\"auto, (max-width: 300px) 100vw, 300px\" \/>\u00dcr\u00fcn ve hizmet \u00fcretmenin yan\u0131 s\u0131ra sundu\u011fu profesyonel \u00e7\u00f6z\u00fcmlerle m\u00fc\u015fterilerine i\u015flerini geli\u015ftirme ve b\u00fcy\u00fctme konusunda art\u0131 de\u011fer sa\u011flayan firmam\u0131z pazarlama sat\u0131\u015f,d\u0131\u015f ticaret ve tekstil makina sekt\u00f6rlerinde yenilik\u00e7i, d\u00fcr\u00fcst ve kaliteli hizmetler sunmaktad\u0131r.<\/p><\/div>[\/vc_column_inner][vc_column_inner width=&#8221;1\/3&#8243;]<div class=\"feature-item feature-item-big\"><h4 class=\"box-header\">HIZLI VE ZAMANINDA SEVK\u0130YAT<\/h4><p><img loading=\"lazy\" decoding=\"async\" class=\"alignnone size-medium wp-image-1887\" src=\"http:\/\/www.denizaktekstil.com\/wp-content\/uploads\/2020\/01\/678678678-300x300.jpg\" alt=\"\" width=\"300\" height=\"300\" srcset=\"https:\/\/www.denizaktekstil.com\/wp-content\/uploads\/2020\/01\/678678678-300x300.jpg 300w, https:\/\/www.denizaktekstil.com\/wp-content\/uploads\/2020\/01\/678678678-150x150.jpg 150w, https:\/\/www.denizaktekstil.com\/wp-content\/uploads\/2020\/01\/678678678-90x90.jpg 90w, https:\/\/www.denizaktekstil.com\/wp-content\/uploads\/2020\/01\/678678678.jpg 500w\" sizes=\"auto, (max-width: 300px) 100vw, 300px\" \/>Firmam\u0131za verilen sipari\u015flerde teslim s\u00fcresi teklif formumuzda belirtilir ve aksi bir durum olmad\u0131k\u00e7a da bu s\u00fcreye daima sad\u0131k kal\u0131n\u0131r. Zaman\u0131nda g\u00fcvenilir ve do\u011fru teslimat \u00f6nceliktir.<\/p><\/div>[\/vc_column_inner][\/vc_row_inner][\/vc_column][\/vc_row][vc_row type=&#8221;full-width&#8221; top_margin=&#8221;page-margin-top-section&#8221; el_class=&#8221;flex-box&#8221; css=&#8221;.vc_custom_1441196365110{background-color: #f5f5f5 !important;}&#8221;][vc_column width=&#8221;1\/2&#8243; css=&#8221;.vc_custom_1576487051683{background-image: url(http:\/\/www.denizaktekstil.com\/wp-content\/uploads\/2019\/12\/unitex-s36-pus-x13gx108f-uc-iplik-yuvarlak-orgu-makinasi-11964-18-B.jpg?id=1807) !important;}&#8221;][vc_single_image image=&#8221;1802&#8243; img_size=&#8221;large-thumb&#8221; el_class=&#8221;flex-hide&#8221;][\/vc_column][vc_column width=&#8221;1\/2&#8243; el_class=&#8221;padding-left-right-100 padding-bottom-66&#8243;]<h2 class=\" box-header page-margin-top-section\">FAAL\u0130YET GRUBUMUZ<\/h2>[vc_column_text el_class=&#8221;description align-center&#8221;]TEKST\u0130L SEKT\u00d6R\u00dc \u0130PL\u0130K MAK\u0130NALARI,YEDEK PAR\u00c7ALARI VE HAMMADDELER\u0130[\/vc_column_text][vc_row_inner css=&#8221;.vc_custom_1439977887316{margin-top: 30px !important;}&#8221;][vc_column_inner width=&#8221;1\/3&#8243;]<ul class=\"list\"><li class=\"template-bullet \"><span>\u0130plik Hammade Tedari\u011fi<\/span><\/li><\/ul>[\/vc_column_inner][vc_column_inner width=&#8221;1\/3&#8243;]<ul class=\"list\"><li class=\"template-bullet \"><span>Elastik \u0130plik<\/span><\/li><\/ul>[\/vc_column_inner][vc_column_inner width=&#8221;1\/3&#8243;]<ul class=\"list\"><li class=\"template-bullet \"><span>Oe \u0130plik \u00dcretim Makinelerinin Yedek Par\u00e7alar\u0131<\/span><\/li><\/ul>[\/vc_column_inner][\/vc_row_inner][vc_row_inner el_class=&#8221;align-center margin-top-67 padding-bottom-20&#8243;][vc_column_inner][\/vc_column_inner][\/vc_row_inner][\/vc_column][\/vc_row][vc_row top_margin=&#8221;page-margin-top-section&#8221;][vc_column]<h2 class=\" box-header\">\u0130PL\u0130K MAK\u0130NA VE YEDEK PAR\u00c7A<\/h2>[vc_column_text el_class=&#8221;description align-center&#8221;][\/vc_column_text]<ul class=\"services-list clearfix page-margin-top\"><div class=\"vc_row wpb_row vc_row-fluid\"><li><img loading=\"lazy\" decoding=\"async\" width=\"390\" height=\"260\" src=\"https:\/\/www.denizaktekstil.com\/wp-content\/uploads\/2020\/01\/959565484-390x260.jpg\" class=\"attachment-medium-thumb size-medium-thumb wp-post-image\" alt=\"BEBEK BEZ\u0130\" title=\"\" srcset=\"https:\/\/www.denizaktekstil.com\/wp-content\/uploads\/2020\/01\/959565484-390x260.jpg 390w, https:\/\/www.denizaktekstil.com\/wp-content\/uploads\/2020\/01\/959565484-270x180.jpg 270w\" sizes=\"auto, (max-width: 390px) 100vw, 390px\" \/><h4 class=\"box-header\">BEBEK BEZ\u0130<\/h4><\/li><li><img loading=\"lazy\" decoding=\"async\" width=\"390\" height=\"260\" src=\"https:\/\/www.denizaktekstil.com\/wp-content\/uploads\/2015\/05\/image_04-1-390x260.jpg\" class=\"attachment-medium-thumb size-medium-thumb wp-post-image\" alt=\"AIR CONDITIONING\" title=\"\" srcset=\"https:\/\/www.denizaktekstil.com\/wp-content\/uploads\/2015\/05\/image_04-1-390x260.jpg 390w, https:\/\/www.denizaktekstil.com\/wp-content\/uploads\/2015\/05\/image_04-1-300x200.jpg 300w, https:\/\/www.denizaktekstil.com\/wp-content\/uploads\/2015\/05\/image_04-1-768x512.jpg 768w, https:\/\/www.denizaktekstil.com\/wp-content\/uploads\/2015\/05\/image_04-1-570x380.jpg 570w, https:\/\/www.denizaktekstil.com\/wp-content\/uploads\/2015\/05\/image_04-1-480x320.jpg 480w, https:\/\/www.denizaktekstil.com\/wp-content\/uploads\/2015\/05\/image_04-1-270x180.jpg 270w, https:\/\/www.denizaktekstil.com\/wp-content\/uploads\/2015\/05\/image_04-1.jpg 870w\" sizes=\"auto, (max-width: 390px) 100vw, 390px\" \/><h4 class=\"box-header\">AIR CONDITIONING<\/h4><\/li><li><img loading=\"lazy\" decoding=\"async\" width=\"390\" height=\"260\" src=\"https:\/\/www.denizaktekstil.com\/wp-content\/uploads\/2015\/05\/image_05-1-390x260.jpg\" class=\"attachment-medium-thumb size-medium-thumb wp-post-image\" alt=\"BRAKE REPAIR\" title=\"\" srcset=\"https:\/\/www.denizaktekstil.com\/wp-content\/uploads\/2015\/05\/image_05-1-390x260.jpg 390w, https:\/\/www.denizaktekstil.com\/wp-content\/uploads\/2015\/05\/image_05-1-300x200.jpg 300w, https:\/\/www.denizaktekstil.com\/wp-content\/uploads\/2015\/05\/image_05-1-768x512.jpg 768w, https:\/\/www.denizaktekstil.com\/wp-content\/uploads\/2015\/05\/image_05-1-570x380.jpg 570w, https:\/\/www.denizaktekstil.com\/wp-content\/uploads\/2015\/05\/image_05-1-480x320.jpg 480w, https:\/\/www.denizaktekstil.com\/wp-content\/uploads\/2015\/05\/image_05-1-270x180.jpg 270w, https:\/\/www.denizaktekstil.com\/wp-content\/uploads\/2015\/05\/image_05-1.jpg 870w\" sizes=\"auto, (max-width: 390px) 100vw, 390px\" \/><h4 class=\"box-header\">BRAKE REPAIR<\/h4><\/li><\/div><\/ul>[\/vc_column][\/vc_row][vc_row type=&#8221;full-width cs-parallax&#8221; css=&#8221;.vc_custom_1576747934412{background-image: url(http:\/\/www.denizaktekstil.com\/wp-content\/uploads\/2019\/12\/aaaaaaaaaaaaaaa.jpg?id=1868) !important;}&#8221; el_class=&#8221;padding-top-70 padding-bottom-66&#8243;][vc_column][vc_row_inner][vc_column_inner]<div class=\"testimonials-container type-big\"><a href=\"#\" class=\"slider-control left template-arrow-left-1\"><\/a><ul class=\"testimonials-list autoplay-0 pause_on_hover-1 scroll-1 effect-scroll easing-easeInOutQuint duration-500\"><li>\r\n\t\t\t\t\t<div class=\"hexagon small\"><div class=\"sl-small-pen\"><\/div><\/div>\r\n\t\t\t\t\t<p>\"D\u00fc\u015f\u00fcnmek kolayd\u0131r. Yapmak zordur. En zoruysa d\u00fc\u015f\u00fcnd\u00fc\u011f\u00fcn\u00fc yapmakt\u0131r\"<\/p>\r\n\t\t\t\t\t\r\n\t\t\t\t\t<div class=\"author-details-box\">\r\n\t\t\t\t\t<h6>Johann Wolfgang Von Goeth<\/h6>\r\n\t\t\t\t\t\r\n\t\t\t\t\t<\/div>\r\n\t\t\t\t<\/li><li>\r\n\t\t\t\t\t<div class=\"hexagon small\"><div class=\"sl-small-pen\"><\/div><\/div>\r\n\t\t\t\t\t<p>\"Ne en g\u00fc\u00e7l\u00fc olan t\u00fcr hayatta kal\u0131r, ne de en zeki olan, ancak de\u011fi\u015fime en \u00e7ok adapte olabilendir hayatta kalan\"<\/p>\r\n\t\t\t\t\t\r\n\t\t\t\t\t<div class=\"author-details-box\">\r\n\t\t\t\t\t<h6>Charles Darwin<\/h6>\r\n\t\t\t\t\t\r\n\t\t\t\t\t<\/div>\r\n\t\t\t\t<\/li><li>\r\n\t\t\t\t\t<div class=\"hexagon small\"><div class=\"sl-small-pen\"><\/div><\/div>\r\n\t\t\t\t\t<p>\"Her i\u015f adam\u0131 i\u00e7in alt\u0131n kural \u015fudur: Kendini m\u00fc\u015fterinin yerine koy\"<\/p>\r\n\t\t\t\t\t\r\n\t\t\t\t\t<div class=\"author-details-box\">\r\n\t\t\t\t\t<h6>Swett Marden<\/h6>\r\n\t\t\t\t\t\r\n\t\t\t\t\t<\/div>\r\n\t\t\t\t<\/li><\/ul><a href=\"#\" class=\"slider-control right template-arrow-left-1\"><\/a><\/div>[\/vc_column_inner][\/vc_row_inner][\/vc_column][\/vc_row][vc_row][vc_column]<h2 class=\" box-header\">ELAST\u0130K \u0130PL\u0130K<\/h2><ul class=\"services-list clearfix\"><div class=\"vc_row wpb_row vc_row-fluid\"><li><img loading=\"lazy\" decoding=\"async\" width=\"390\" height=\"260\" src=\"https:\/\/www.denizaktekstil.com\/wp-content\/uploads\/2020\/01\/959565484-390x260.jpg\" class=\"attachment-medium-thumb size-medium-thumb wp-post-image\" alt=\"BEBEK BEZ\u0130\" title=\"\" srcset=\"https:\/\/www.denizaktekstil.com\/wp-content\/uploads\/2020\/01\/959565484-390x260.jpg 390w, https:\/\/www.denizaktekstil.com\/wp-content\/uploads\/2020\/01\/959565484-270x180.jpg 270w\" sizes=\"auto, (max-width: 390px) 100vw, 390px\" \/><h4><a href=\"https:\/\/www.denizaktekstil.com\/?ql_services=bebek-bezi\" title=\"BEBEK BEZ\u0130\">BEBEK BEZ\u0130<\/a><\/h4><\/li><li><img loading=\"lazy\" decoding=\"async\" width=\"390\" height=\"260\" src=\"https:\/\/www.denizaktekstil.com\/wp-content\/uploads\/2019\/12\/8941894898489-390x260.jpg\" class=\"attachment-medium-thumb size-medium-thumb wp-post-image\" alt=\"EKRU SPANDEX\" title=\"\" srcset=\"https:\/\/www.denizaktekstil.com\/wp-content\/uploads\/2019\/12\/8941894898489-390x260.jpg 390w, https:\/\/www.denizaktekstil.com\/wp-content\/uploads\/2019\/12\/8941894898489-570x380.jpg 570w, https:\/\/www.denizaktekstil.com\/wp-content\/uploads\/2019\/12\/8941894898489-480x320.jpg 480w, https:\/\/www.denizaktekstil.com\/wp-content\/uploads\/2019\/12\/8941894898489-270x180.jpg 270w\" sizes=\"auto, (max-width: 390px) 100vw, 390px\" \/><h4><a href=\"https:\/\/www.denizaktekstil.com\/?ql_services=ekru-spandek\" title=\"EKRU SPANDEX\">EKRU SPANDEX<\/a><\/h4><\/li><li><img loading=\"lazy\" decoding=\"async\" width=\"390\" height=\"260\" src=\"https:\/\/www.denizaktekstil.com\/wp-content\/uploads\/2020\/01\/56488848-390x260.jpg\" class=\"attachment-medium-thumb size-medium-thumb wp-post-image\" alt=\"S\u0130YAH SPANDEX\" title=\"\" srcset=\"https:\/\/www.denizaktekstil.com\/wp-content\/uploads\/2020\/01\/56488848-390x260.jpg 390w, https:\/\/www.denizaktekstil.com\/wp-content\/uploads\/2020\/01\/56488848-480x320.jpg 480w, https:\/\/www.denizaktekstil.com\/wp-content\/uploads\/2020\/01\/56488848-270x180.jpg 270w\" sizes=\"auto, (max-width: 390px) 100vw, 390px\" \/><h4><a href=\"https:\/\/www.denizaktekstil.com\/?ql_services=siyah-spandex\" title=\"S\u0130YAH SPANDEX\">S\u0130YAH SPANDEX<\/a><\/h4><\/li><\/div><\/ul>[\/vc_column][vc_column][\/vc_column][\/vc_row]<\/p>\n","protected":false},"excerpt":{"rendered":"<p>[vc_row type=&#8221;full-width&#8221;][vc_column][rev_slider_vc alias=&#8221;main&#8221;][\/vc_column][\/vc_row][vc_row top_margin=&#8221;page-margin-top-section&#8221;][vc_column][vc_column_text el_class=&#8221;description align-center&#8221;]D\u00fcnyan\u0131n en g\u00fcvenilir iplik makina yedek par\u00e7a ve iplik hammaddelerini sunarak; \u00fclkemiz ve d\u00fcnya tekstil piyasalar\u0131nda rekabet g\u00fcc\u00fcn\u00fcz\u00fc artt\u0131racak kalite ve maliyet unsurlar\u0131n\u0131 \u00f6n planda tutacak \u00e7\u00f6z\u00fcm \u00f6nerileri sunuyoruz[\/vc_column_text][vc_row_inner top_margin=&#8221;page-margin-top&#8221;][vc_column_inner width=&#8221;1\/3&#8243;][\/vc_column_inner][vc_column_inner width=&#8221;1\/3&#8243;][\/vc_column_inner][vc_column_inner width=&#8221;1\/3&#8243;][\/vc_column_inner][\/vc_row_inner][\/vc_column][\/vc_row][vc_row type=&#8221;full-width&#8221; top_margin=&#8221;page-margin-top-section&#8221; el_class=&#8221;flex-box&#8221; css=&#8221;.vc_custom_1441196365110{background-color: #f5f5f5 !important;}&#8221;][vc_column width=&#8221;1\/2&#8243; css=&#8221;.vc_custom_1576487051683{background-image: url(http:\/\/www.denizaktekstil.com\/wp-content\/uploads\/2019\/12\/unitex-s36-pus-x13gx108f-uc-iplik-yuvarlak-orgu-makinasi-11964-18-B.jpg?id=1807) !important;}&#8221;][vc_single_image image=&#8221;1802&#8243; img_size=&#8221;large-thumb&#8221; el_class=&#8221;flex-hide&#8221;][\/vc_column][vc_column width=&#8221;1\/2&#8243; el_class=&#8221;padding-left-right-100 padding-bottom-66&#8243;][vc_column_text el_class=&#8221;description<\/p>\n","protected":false},"author":1,"featured_media":0,"parent":0,"menu_order":0,"comment_status":"open","ping_status":"open","template":"template-default-without-breadcrumbs.php","meta":{"footnotes":""},"class_list":["post-1125","page","type-page","status-publish","hentry"],"_links":{"self":[{"href":"https:\/\/www.denizaktekstil.com\/index.php?rest_route=\/wp\/v2\/pages\/1125","targetHints":{"allow":["GET"]}}],"collection":[{"href":"https:\/\/www.denizaktekstil.com\/index.php?rest_route=\/wp\/v2\/pages"}],"about":[{"href":"https:\/\/www.denizaktekstil.com\/index.php?rest_route=\/wp\/v2\/types\/page"}],"author":[{"embeddable":true,"href":"https:\/\/www.denizaktekstil.com\/index.php?rest_route=\/wp\/v2\/users\/1"}],"replies":[{"embeddable":true,"href":"https:\/\/www.denizaktekstil.com\/index.php?rest_route=%2Fwp%2Fv2%2Fcomments&post=1125"}],"version-history":[{"count":93,"href":"https:\/\/www.denizaktekstil.com\/index.php?rest_route=\/wp\/v2\/pages\/1125\/revisions"}],"predecessor-version":[{"id":1932,"href":"https:\/\/www.denizaktekstil.com\/index.php?rest_route=\/wp\/v2\/pages\/1125\/revisions\/1932"}],"wp:attachment":[{"href":"https:\/\/www.denizaktekstil.com\/index.php?rest_route=%2Fwp%2Fv2%2Fmedia&parent=1125"}],"curies":[{"name":"wp","href":"https:\/\/api.w.org\/{rel}","templated":true}]}}