{"id":203,"date":"2015-05-25T12:55:10","date_gmt":"2015-05-25T12:55:10","guid":{"rendered":"http:\/\/quanticalabs.com\/wptest\/carservice\/?page_id=203"},"modified":"2020-01-03T17:07:42","modified_gmt":"2020-01-03T14:07:42","slug":"about","status":"publish","type":"page","link":"https:\/\/www.denizaktekstil.com\/?page_id=203","title":{"rendered":"HAKKIMIZDA"},"content":{"rendered":"<p>[vc_row el_class=&#8221;margin-top-70&#8243;][vc_column width=&#8221;1\/2&#8243;][vc_column_text el_class=&#8221;description margin-top-0&#8243;]<\/p>\n<p>Sekt\u00f6re kaliteli ve uygun fiyatla \u00fcr\u00fcn piyasaya arz etmeyi prensip edinen\u00a0DENIZAK Tekstil, sizlere d\u00fcnyan\u0131n en g\u00fcvenilir makina, yedek par\u00e7a ve aksesuarlar\u0131n\u0131 sunarak;<\/p>\n<p>[\/vc_column_text][vc_column_text]<\/p>\n<p>\u00dclkemiz ve d\u00fcnya tekstil piyasalar\u0131nda rekabet g\u00fcc\u00fcn\u00fcz\u00fc artt\u0131racak kalite ve maliyet unsurlar\u0131n\u0131 \u00f6n planda tutacak \u00e7\u00f6z\u00fcm \u00f6nerileri sunmaktad\u0131r.<br \/>\nKuruldu\u011fu g\u00fcnden bug\u00fcne kadar \u00c7in\u2019in \u00f6nde gelen firmalar\u0131n\u0131n distrib\u00fct\u00f6rl\u00fc\u011f\u00fcn\u00fc yaparak piyasaya kaliteli ve uygun \u00fcr\u00fcnleri pazarlayan firmam\u0131z, Hizmet verdi\u011fi kurum ve ki\u015fileri i\u015f ortaklar\u0131 olarak g\u00f6r\u00fcr, ticari faaliyetlerimizde kar\u015f\u0131l\u0131kl\u0131 kazan-kazan ilkesini benimsemektedir.<\/p>\n<p>[\/vc_column_text]<h4 class=\" box-header margin-top-40\">S\u0130Z DE\u011eERL\u0130 M\u00dc\u015eTER\u0130LER\u0130M\u0130ZE<\/h4><ul class=\"list margin-top-30\"><li class=\"template-bullet \"><span>M\u00dc\u015eTER\u0130 ODAKLI H\u0130ZMET<\/span><\/li><li class=\"template-bullet \"><span>\u00c7\u00d6Z\u00dcM ODAKLI YAKLA\u015eIM<\/span><\/li><li class=\"template-bullet \"><span>ET\u0130K VE G\u00dcVEN\u0130L\u0130RL\u0130K<\/span><\/li><li class=\"template-bullet \"><span>DE\u011e\u0130\u015e\u0130M<\/span><\/li><li class=\"template-bullet \"><span>ESNEK VE UZLA\u015eMACI Hizmet Sunmaktay\u0131z<\/span><\/li><\/ul>[\/vc_column][vc_column width=&#8221;1\/2&#8243;][vc_single_image image=&#8221;1666&#8243; img_size=&#8221;gallery-thumb&#8221; onclick=&#8221;img_link_large&#8221; el_class=&#8221;cs-lightbox&#8221;][vc_row_inner el_class=&#8221;margin-top-30&#8243;][vc_column_inner width=&#8221;1\/2&#8243;][vc_single_image image=&#8221;1669&#8243; img_size=&#8221;medium-thumb&#8221; onclick=&#8221;img_link_large&#8221; el_class=&#8221;cs-lightbox&#8221;][\/vc_column_inner][vc_column_inner width=&#8221;1\/2&#8243;][vc_single_image image=&#8221;1670&#8243; img_size=&#8221;medium-thumb&#8221; onclick=&#8221;img_link_large&#8221; el_class=&#8221;cs-lightbox&#8221;][\/vc_column_inner][\/vc_row_inner][\/vc_column][\/vc_row][vc_row 1=&#8221;target=&#8220;_blank&#8220;`{`\/vc_row&#8221; type=&#8221;full-width&#8221; el_class=&#8221;padding-top-54 padding-bottom-61 align-center&#8221; title=&#8221;&#8221; label=&#8221;&#8221; url=&#8221;&#8221;][\/vc_row][vc_row][vc_column][vc_accordion][vc_accordion_tab title=&#8221;M\u0130SYONUMUZ&#8221; tab_id=&#8221;1576184101-1-62&#8243;][vc_column_text]\u00dcr\u00fcn \u00e7e\u015fitlerimizi hedef pazarlar\u0131m\u0131z\u0131n taleplerine g\u00f6re farkl\u0131la\u015ft\u0131rarak, yeti\u015fmi\u015f ve uzmanla\u015fm\u0131\u015f kadrolar ile insanl\u0131\u011fa, \u00e7evreye ve evrensel de\u011ferlere ba\u011fl\u0131 olarak i\u015f ortaklar\u0131m\u0131za yenilik\u00e7i \u00e7\u00f6z\u00fcmler sunabilmek.[\/vc_column_text][\/vc_accordion_tab][vc_accordion_tab title=&#8221;V\u0130ZYONUMUZ&#8221; tab_id=&#8221;1576184101-2-95&#8243;][vc_column_text]Y\u00fcksek standartl\u0131, kaliteli hizmet vererek m\u00fc\u015fteri memnuniyetini en \u00fcst d\u00fczeye \u00e7\u0131karmak. M\u00fc\u015fterilerimizin zaman\u0131na ve haklar\u0131na sayg\u0131 duymak. \u00c7al\u0131\u015fanlar\u0131m\u0131z\u0131n tatmini ve moral de\u011ferlerini artt\u0131rmak. \u0130nsanl\u0131\u011fa, \u00e7evreye ve evrensel de\u011ferlere olan sorumluluklar\u0131m\u0131z\u0131 yerine getirmektir.[\/vc_column_text][\/vc_accordion_tab][\/vc_accordion][\/vc_column][\/vc_row]<\/p>\n","protected":false},"excerpt":{"rendered":"<p>[vc_row el_class=&#8221;margin-top-70&#8243;][vc_column width=&#8221;1\/2&#8243;][vc_column_text el_class=&#8221;description margin-top-0&#8243;] Sekt\u00f6re kaliteli ve uygun fiyatla \u00fcr\u00fcn piyasaya arz etmeyi prensip edinen\u00a0DENIZAK Tekstil, sizlere d\u00fcnyan\u0131n en g\u00fcvenilir makina, yedek par\u00e7a ve aksesuarlar\u0131n\u0131 sunarak; [\/vc_column_text][vc_column_text] \u00dclkemiz ve d\u00fcnya tekstil piyasalar\u0131nda rekabet g\u00fcc\u00fcn\u00fcz\u00fc artt\u0131racak kalite ve maliyet unsurlar\u0131n\u0131 \u00f6n planda tutacak \u00e7\u00f6z\u00fcm \u00f6nerileri sunmaktad\u0131r. Kuruldu\u011fu g\u00fcnden bug\u00fcne kadar \u00c7in\u2019in \u00f6nde gelen firmalar\u0131n\u0131n distrib\u00fct\u00f6rl\u00fc\u011f\u00fcn\u00fc<\/p>\n","protected":false},"author":1,"featured_media":0,"parent":0,"menu_order":0,"comment_status":"closed","ping_status":"open","template":"","meta":{"footnotes":""},"class_list":["post-203","page","type-page","status-publish","hentry"],"_links":{"self":[{"href":"https:\/\/www.denizaktekstil.com\/index.php?rest_route=\/wp\/v2\/pages\/203","targetHints":{"allow":["GET"]}}],"collection":[{"href":"https:\/\/www.denizaktekstil.com\/index.php?rest_route=\/wp\/v2\/pages"}],"about":[{"href":"https:\/\/www.denizaktekstil.com\/index.php?rest_route=\/wp\/v2\/types\/page"}],"author":[{"embeddable":true,"href":"https:\/\/www.denizaktekstil.com\/index.php?rest_route=\/wp\/v2\/users\/1"}],"replies":[{"embeddable":true,"href":"https:\/\/www.denizaktekstil.com\/index.php?rest_route=%2Fwp%2Fv2%2Fcomments&post=203"}],"version-history":[{"count":35,"href":"https:\/\/www.denizaktekstil.com\/index.php?rest_route=\/wp\/v2\/pages\/203\/revisions"}],"predecessor-version":[{"id":1912,"href":"https:\/\/www.denizaktekstil.com\/index.php?rest_route=\/wp\/v2\/pages\/203\/revisions\/1912"}],"wp:attachment":[{"href":"https:\/\/www.denizaktekstil.com\/index.php?rest_route=%2Fwp%2Fv2%2Fmedia&parent=203"}],"curies":[{"name":"wp","href":"https:\/\/api.w.org\/{rel}","templated":true}]}}