{"id":297,"date":"2015-05-28T13:05:13","date_gmt":"2015-05-28T10:05:13","guid":{"rendered":"http:\/\/quanticalabs.com\/wptest\/carservice\/?page_id=297"},"modified":"2025-02-19T12:33:40","modified_gmt":"2025-02-19T09:33:40","slug":"contact-style-1","status":"publish","type":"page","link":"https:\/\/www.denizaktekstil.com\/?page_id=297","title":{"rendered":"\u0130LET\u0130\u015e\u0130M"},"content":{"rendered":"<p>[vc_row][vc_column][vc_raw_html][\/vc_raw_html][\/vc_column][\/vc_row][vc_row][vc_column][vc_raw_html]JTNDaWZyYW1lJTIwc3JjJTNEJTIyaHR0cHMlM0ElMkYlMkZ3d3cuZ29vZ2xlLmNvbSUyRm1hcHMlMkZlbWJlZCUzRnBiJTNEJTIxMW0xOCUyMTFtMTIlMjExbTMlMjExZDMwMDkuNTg1OTQxNDA0NjU2OCUyMTJkMjguODA5MjkyNDEyMDczNjIlMjEzZDQxLjAzNDMxMzg3MTIyNzM4JTIxMm0zJTIxMWYwJTIxMmYwJTIxM2YwJTIxM20yJTIxMWkxMDI0JTIxMmk3NjglMjE0ZjEzLjElMjEzbTMlMjExbTIlMjExczB4MTRjYWFmODZmYWU1ZGQwNyUyNTNBMHg5ZTZjMjA5NzAxYWNlMzg3JTIxMnpSRVZPeExCYVFVc2dWRVZMVTFURXNFdyUyMTVlMCUyMTNtMiUyMTFzdHIlMjEyc3RyJTIxNHYxNzM5OTU3NTgyODI0JTIxNW0yJTIxMXN0ciUyMTJzdHIlMjIlMjB3aWR0aCUzRCUyMjEwMCUyNSUyMiUyMGhlaWdodCUzRCUyMjQwMCUyMiUyMHN0eWxlJTNEJTIyYm9yZGVyJTNBMCUzQiUyMiUyMGFsbG93ZnVsbHNjcmVlbiUzRCUyMiUyMiUyMGxvYWRpbmclM0QlMjJsYXp5JTIyJTIwcmVmZXJyZXJwb2xpY3klM0QlMjJuby1yZWZlcnJlci13aGVuLWRvd25ncmFkZSUyMiUzRSUzQyUyRmlmcmFtZSUzRQ==[\/vc_raw_html][\/vc_column][\/vc_row][vc_row top_margin=&#8221;page-margin-top&#8221;][vc_column width=&#8221;1\/3&#8243;]<div class=\"feature-item\"><h5>\u0130LET\u0130\u015e\u0130M<\/h5><div class=\"icon sl-small-phone-circle\"><\/div><p>Telefon: +90 (212) 550 94 94<\/p><\/div>[\/vc_column][vc_column width=&#8221;1\/3&#8243;]<div class=\"feature-item\"><h5>ADRES<\/h5><div class=\"icon sl-small-location-map\"><\/div><p>15 Temmuz Mah. Bahar Cad. No:73 D:A\/20 G\u00fcne\u015fli \/ Ba\u011fc\u0131lar \/ \u0130stanbul \/ T\u00dcRK\u0130YE<\/p><\/div>[\/vc_column][vc_column width=&#8221;1\/3&#8243;]<div class=\"feature-item\"><h5>Elektronik Posta<\/h5><div class=\"icon sl-small-team\"><\/div><p>info@denizaktekstil.com<\/p><\/div>[\/vc_column][\/vc_row][vc_row top_margin=&#8221;page-margin-top&#8221; el_class=&#8221;padding-bottom-66&#8243;][vc_column]<form class=\"contact-form \" id=\"contact_form\" method=\"post\" action=\"#\">\r\n\t\t<div class=\"vc_row wpb_row vc_inner\">\r\n\t\t\t<fieldset class=\"vc_col-sm-6 wpb_column vc_column_container\">\r\n\t\t\t\t<div class=\"block\">\r\n\t\t\t\t\t<input class=\"text_input\" name=\"name\" type=\"text\" value=\"Your Name *\" placeholder=\"Your Name *\">\r\n\t\t\t\t<\/div>\r\n\t\t\t\t<div class=\"block\">\r\n\t\t\t\t\t<input class=\"text_input\" name=\"email\" type=\"text\" value=\"Your Email *\" placeholder=\"Your Email *\">\r\n\t\t\t\t<\/div>\r\n\t\t\t\t<div class=\"block\">\r\n\t\t\t\t\t<input class=\"text_input\" name=\"phone\" type=\"text\" value=\"Your Phone\" placeholder=\"Your Phone\">\r\n\t\t\t\t<\/div>\r\n\t\t\t<\/fieldset>\r\n\t\t\t<fieldset class=\"vc_col-sm-6 wpb_column vc_column_container\">\r\n\t\t\t\t<div class=\"block\">\r\n\t\t\t\t\t<textarea class=\"margin_top_10\" name=\"message\" placeholder=\"Message *\">Message *<\/textarea>\r\n\t\t\t\t<\/div>\r\n\t\t\t<\/fieldset>\r\n\t\t<\/div>\r\n\t\t<div class=\"vc_row wpb_row vc_inner margin-top-30\">\r\n\t\t\t<fieldset class=\"vc_col-sm-6 wpb_column vc_column_container\">\r\n\t\t\t\t<p>We will contact you within one business day.<\/p>\r\n\t\t\t<\/fieldset>\r\n\t\t\t<fieldset class=\"vc_col-sm-6 wpb_column vc_column_container align-right\">\r\n\t\t\t\t<input type=\"hidden\" name=\"action\" value=\"theme_contact_form\">\r\n\t\t\t\t<input type=\"hidden\" name=\"id\" value=\"contact_form\">\r\n\t\t\t\t<div class=\"vc_row wpb_row vc_inner margin-top-20 padding-bottom-20\">\r\n\t\t\t\t\t<a class=\"more submit-contact-form\" href=\"#\" title=\"SEND MESSAGE\"><span>SEND MESSAGE<\/span><\/a>\r\n\t\t\t\t<\/div>\r\n\t\t\t<\/fieldset>\r\n\t\t<\/div>\r\n\t<\/form>[\/vc_column][\/vc_row]<\/p>\n","protected":false},"excerpt":{"rendered":"<p>[vc_row][vc_column][vc_raw_html][\/vc_raw_html][\/vc_column][\/vc_row][vc_row][vc_column][vc_raw_html]JTNDaWZyYW1lJTIwc3JjJTNEJTIyaHR0cHMlM0ElMkYlMkZ3d3cuZ29vZ2xlLmNvbSUyRm1hcHMlMkZlbWJlZCUzRnBiJTNEJTIxMW0xOCUyMTFtMTIlMjExbTMlMjExZDMwMDkuNTg1OTQxNDA0NjU2OCUyMTJkMjguODA5MjkyNDEyMDczNjIlMjEzZDQxLjAzNDMxMzg3MTIyNzM4JTIxMm0zJTIxMWYwJTIxMmYwJTIxM2YwJTIxM20yJTIxMWkxMDI0JTIxMmk3NjglMjE0ZjEzLjElMjEzbTMlMjExbTIlMjExczB4MTRjYWFmODZmYWU1ZGQwNyUyNTNBMHg5ZTZjMjA5NzAxYWNlMzg3JTIxMnpSRVZPeExCYVFVc2dWRVZMVTFURXNFdyUyMTVlMCUyMTNtMiUyMTFzdHIlMjEyc3RyJTIxNHYxNzM5OTU3NTgyODI0JTIxNW0yJTIxMXN0ciUyMTJzdHIlMjIlMjB3aWR0aCUzRCUyMjEwMCUyNSUyMiUyMGhlaWdodCUzRCUyMjQwMCUyMiUyMHN0eWxlJTNEJTIyYm9yZGVyJTNBMCUzQiUyMiUyMGFsbG93ZnVsbHNjcmVlbiUzRCUyMiUyMiUyMGxvYWRpbmclM0QlMjJsYXp5JTIyJTIwcmVmZXJyZXJwb2xpY3klM0QlMjJuby1yZWZlcnJlci13aGVuLWRvd25ncmFkZSUyMiUzRSUzQyUyRmlmcmFtZSUzRQ==[\/vc_raw_html][\/vc_column][\/vc_row][vc_row top_margin=&#8221;page-margin-top&#8221;][vc_column width=&#8221;1\/3&#8243;][\/vc_column][vc_column width=&#8221;1\/3&#8243;][\/vc_column][vc_column width=&#8221;1\/3&#8243;][\/vc_column][\/vc_row][vc_row top_margin=&#8221;page-margin-top&#8221; el_class=&#8221;padding-bottom-66&#8243;][vc_column][\/vc_column][\/vc_row]<\/p>\n","protected":false},"author":1,"featured_media":0,"parent":0,"menu_order":0,"comment_status":"open","ping_status":"closed","template":"template-default-without-breadcrumbs.php","meta":{"footnotes":""},"class_list":["post-297","page","type-page","status-publish","hentry"],"_links":{"self":[{"href":"https:\/\/www.denizaktekstil.com\/index.php?rest_route=\/wp\/v2\/pages\/297","targetHints":{"allow":["GET"]}}],"collection":[{"href":"https:\/\/www.denizaktekstil.com\/index.php?rest_route=\/wp\/v2\/pages"}],"about":[{"href":"https:\/\/www.denizaktekstil.com\/index.php?rest_route=\/wp\/v2\/types\/page"}],"author":[{"embeddable":true,"href":"https:\/\/www.denizaktekstil.com\/index.php?rest_route=\/wp\/v2\/users\/1"}],"replies":[{"embeddable":true,"href":"https:\/\/www.denizaktekstil.com\/index.php?rest_route=%2Fwp%2Fv2%2Fcomments&post=297"}],"version-history":[{"count":37,"href":"https:\/\/www.denizaktekstil.com\/index.php?rest_route=\/wp\/v2\/pages\/297\/revisions"}],"predecessor-version":[{"id":1961,"href":"https:\/\/www.denizaktekstil.com\/index.php?rest_route=\/wp\/v2\/pages\/297\/revisions\/1961"}],"wp:attachment":[{"href":"https:\/\/www.denizaktekstil.com\/index.php?rest_route=%2Fwp%2Fv2%2Fmedia&parent=297"}],"curies":[{"name":"wp","href":"https:\/\/api.w.org\/{rel}","templated":true}]}}